{"id":521,"date":"2024-12-09T10:02:54","date_gmt":"2024-12-09T10:02:54","guid":{"rendered":"https:\/\/www.serendipalm.de\/?page_id=521"},"modified":"2026-04-16T07:44:36","modified_gmt":"2026-04-16T07:44:36","slug":"startseite","status":"publish","type":"page","link":"https:\/\/www.serendipalm.de\/","title":{"rendered":"Startseite"},"content":{"rendered":"\n<div class=\"wp-block-cover alignfull is-light kenburns\" style=\"border-top-left-radius:0px;border-top-right-radius:0px;border-bottom-left-radius:0px;border-bottom-right-radius:0px;margin-top:0;margin-bottom:0;min-height:556px;aspect-ratio:unset;\"><img loading=\"lazy\" decoding=\"async\" width=\"1024\" height=\"539\" class=\"wp-block-cover__image-background wp-image-19 size-large\" alt=\"\" src=\"https:\/\/www.serendipalm.de\/wp-content\/uploads\/slider2\/SerendiPalm_2383_web-1024x539.webp\" data-object-fit=\"cover\" srcset=\"https:\/\/www.serendipalm.de\/wp-content\/uploads\/slider2\/SerendiPalm_2383_web-1024x539.webp 1024w, https:\/\/www.serendipalm.de\/wp-content\/uploads\/slider2\/SerendiPalm_2383_web-300x158.webp 300w, https:\/\/www.serendipalm.de\/wp-content\/uploads\/slider2\/SerendiPalm_2383_web-768x404.webp 768w, https:\/\/www.serendipalm.de\/wp-content\/uploads\/slider2\/SerendiPalm_2383_web-1536x809.webp 1536w, https:\/\/www.serendipalm.de\/wp-content\/uploads\/slider2\/SerendiPalm_2383_web.webp 1920w\" sizes=\"auto, (max-width: 1024px) 100vw, 1024px\" \/><span aria-hidden=\"true\" class=\"wp-block-cover__background has-background-dim-20 has-background-dim\" style=\"background-color:#91827d\"><\/span><div class=\"wp-block-cover__inner-container is-layout-flow wp-block-cover-is-layout-flow\">\n<p class=\"has-text-align-center is-style-text-display has-contrast-color has-text-color has-link-color wp-elements-f0a3695c4a79e668303f5f96cc8b8a64 is-style-text-display--1\" style=\"font-size:clamp(3.426rem, 3.426rem + ((1vw - 0.2rem) * 5.606), 7rem);\">Serendipalm<\/p>\n\n\n\n<p class=\"has-text-align-center is-style-text-display has-accent-5-color has-text-color has-link-color wp-elements-ef7797d081006f6813dd3204886881a9 is-style-text-display--2\" style=\"font-size:clamp(1.743rem, 1.743rem + ((1vw - 0.2rem) * 1.972), 3rem);\">Bio &amp; Fair Trade<\/p>\n<\/div><\/div>\n\n\n\n<div class=\"wp-block-group alignfull is-style-default has-background is-content-justification-center is-nowrap is-layout-flex wp-container-core-group-is-layout-c9e1519b wp-block-group-is-layout-flex\" style=\"background-color:#ffcf00;margin-top:0;margin-bottom:0;padding-top:var(--wp--preset--spacing--50);padding-right:0;padding-bottom:var(--wp--preset--spacing--50);padding-left:0\">\n<p class=\"has-text-align-left has-large-font-size\" style=\"margin-right:var(--wp--preset--spacing--30);margin-left:var(--wp--preset--spacing--30)\">Dr. Bronner\u2019s&nbsp;gr\u00fcndete 2009&nbsp;Serendipalm,&nbsp;ein Bio- und Fair-Trade-Palm\u00f6lprojekt in Ghana.<\/p>\n\n\n\n<p style=\"margin-right:var(--wp--preset--spacing--20);margin-left:var(--wp--preset--spacing--20)\">Zusammenarbeit mit \u00fcber 600 Kleinbauern statt Monokulturen<\/p>\n\n\n\n<p class=\"wp-container-content-69bc4bdf\" style=\"margin-right:var(--wp--preset--spacing--20);margin-left:var(--wp--preset--spacing--20)\">Faire, arbeitsintensive Produktion schafft viele lokale Jobs.<\/p>\n\n\n\n<p class=\"wp-container-content-69bc4bdf\" style=\"margin-right:var(--wp--preset--spacing--20);margin-left:var(--wp--preset--spacing--20)\">Serendipalm beweist: nachhaltige Rohstoffproduktion ist m\u00f6glich und skalierbar.<\/p>\n<\/div>\n\n\n\n<div style=\"height:15px;width:0px\" aria-hidden=\"true\" class=\"wp-block-spacer\"><\/div>\n\n\n\n<h2 class=\"wp-block-heading alignwide has-text-align-center\" id=\"we-re-a-studio-in-berlin-with-an-international-practice-in-architecture-urban-planning-and-interior-design-we-believe-in-sharing-knowledge-and-promoting-dialogue-to-increase-the-creative-potential-of-collaboration\" style=\"font-size:clamp(18.959px, 1.185rem + ((1vw - 3.2px) * 1.082), 30px);line-height:1.1\">Rohstoffe<\/h2>\n\n\n\n<div style=\"height:15px\" aria-hidden=\"true\" class=\"wp-block-spacer\"><\/div>\n\n\n\n<div class=\"wp-block-columns alignwide are-vertically-aligned-center is-style-default is-layout-flex wp-container-core-columns-is-layout-b37a2161 wp-block-columns-is-layout-flex\" style=\"padding-right:0;padding-left:0\">\n<div class=\"wp-block-column is-vertically-aligned-center is-layout-flow wp-block-column-is-layout-flow\" style=\"padding-right:var(--wp--preset--spacing--20);padding-left:var(--wp--preset--spacing--20)\">\n<figure class=\"wp-block-image aligncenter size-full\" style=\"margin-right:0;margin-left:0\"><a href=\"https:\/\/www.serendipalm.de\/?page_id=63\"><img loading=\"lazy\" decoding=\"async\" width=\"300\" height=\"246\" src=\"https:\/\/www.serendipalm.de\/wp-content\/uploads\/2024\/11\/FFB_logo.webp\" alt=\"\" class=\"wp-image-25\"\/><\/a><\/figure>\n<\/div>\n\n\n\n<div class=\"wp-block-column is-vertically-aligned-center is-layout-flow wp-block-column-is-layout-flow\" style=\"padding-right:var(--wp--preset--spacing--20);padding-left:var(--wp--preset--spacing--20)\">\n<figure class=\"wp-block-image aligncenter size-full has-custom-border\" style=\"margin-right:0;margin-left:0\"><a href=\"https:\/\/www.serendipalm.de\/?page_id=63\/#kakao\"><img loading=\"lazy\" decoding=\"async\" width=\"500\" height=\"369\" src=\"https:\/\/www.serendipalm.de\/wp-content\/uploads\/2024\/11\/cocoa_pan_free.webp\" alt=\"\" class=\"wp-image-29\" style=\"border-style:none;border-width:0px;border-top-left-radius:0px;border-top-right-radius:0px;border-bottom-left-radius:0px;border-bottom-right-radius:0px\" srcset=\"https:\/\/www.serendipalm.de\/wp-content\/uploads\/2024\/11\/cocoa_pan_free.webp 500w, https:\/\/www.serendipalm.de\/wp-content\/uploads\/2024\/11\/cocoa_pan_free-300x221.webp 300w\" sizes=\"auto, (max-width: 500px) 100vw, 500px\" \/><\/a><\/figure>\n<\/div>\n\n\n\n<div class=\"wp-block-column is-vertically-aligned-center is-layout-flow wp-block-column-is-layout-flow\" style=\"padding-right:var(--wp--preset--spacing--20);padding-left:var(--wp--preset--spacing--20)\">\n<figure class=\"wp-block-image aligncenter size-full\" style=\"margin-right:var(--wp--preset--spacing--10);margin-left:var(--wp--preset--spacing--10)\"><a href=\"https:\/\/www.serendipalm.de\/?page_id=63\"><img loading=\"lazy\" decoding=\"async\" width=\"300\" height=\"269\" src=\"https:\/\/www.serendipalm.de\/wp-content\/uploads\/2024\/11\/cassava_logo.webp\" alt=\"\" class=\"wp-image-26\"\/><\/a><\/figure>\n<\/div>\n\n\n\n<div class=\"wp-block-column is-vertically-aligned-center is-layout-flow wp-block-column-is-layout-flow\" style=\"padding-right:var(--wp--preset--spacing--20);padding-left:var(--wp--preset--spacing--20)\">\n<figure class=\"wp-block-image aligncenter size-full is-resized\" style=\"margin-right:var(--wp--preset--spacing--10);margin-left:var(--wp--preset--spacing--10)\"><a href=\"https:\/\/www.serendipalm.de\/?page_id=63\"><img loading=\"lazy\" decoding=\"async\" width=\"500\" height=\"501\" src=\"https:\/\/www.serendipalm.de\/wp-content\/uploads\/2024\/11\/gingerturmeric.webp\" alt=\"\" class=\"wp-image-31\" style=\"width:226px;height:auto\" srcset=\"https:\/\/www.serendipalm.de\/wp-content\/uploads\/2024\/11\/gingerturmeric.webp 500w, https:\/\/www.serendipalm.de\/wp-content\/uploads\/2024\/11\/gingerturmeric-300x300.webp 300w, https:\/\/www.serendipalm.de\/wp-content\/uploads\/2024\/11\/gingerturmeric-150x150.webp 150w\" sizes=\"auto, (max-width: 500px) 100vw, 500px\" \/><\/a><\/figure>\n<\/div>\n<\/div>\n\n\n\n<div class=\"wp-block-columns alignwide is-layout-flex wp-container-core-columns-is-layout-aff9d64d wp-block-columns-is-layout-flex\" style=\"padding-right:0;padding-left:0\">\n<div class=\"wp-block-column is-layout-flow wp-block-column-is-layout-flow\">\n<p class=\"has-text-align-center\">Palm\u00f6l<\/p>\n<\/div>\n\n\n\n<div class=\"wp-block-column is-vertically-aligned-center is-layout-flow wp-block-column-is-layout-flow\">\n<p class=\"has-text-align-center\">Kakao<\/p>\n<\/div>\n\n\n\n<div class=\"wp-block-column is-layout-flow wp-block-column-is-layout-flow\">\n<p class=\"has-text-align-center\">Maniok<\/p>\n<\/div>\n\n\n\n<div class=\"wp-block-column is-layout-flow wp-block-column-is-layout-flow\">\n<p class=\"has-text-align-center\">Ingwer \/ Kurkuma<\/p>\n<\/div>\n<\/div>\n\n\n\n<div style=\"height:25px\" aria-hidden=\"true\" class=\"wp-block-spacer\"><\/div>\n\n\n\n<div class=\"wp-block-cover alignfull\" style=\"border-style:none;border-width:0px;border-top-left-radius:0px;border-top-right-radius:0px;border-bottom-left-radius:0px;border-bottom-right-radius:0px;padding-right:var(--wp--preset--spacing--40);padding-left:var(--wp--preset--spacing--40);font-size:0rem;min-height:668px;aspect-ratio:unset;\"><img loading=\"lazy\" decoding=\"async\" width=\"2500\" height=\"1088\" class=\"wp-block-cover__image-background wp-image-41\" alt=\"\" src=\"https:\/\/www.serendipalm.de\/wp-content\/uploads\/2024\/11\/daf2_bird.webp\" data-object-fit=\"cover\" srcset=\"https:\/\/www.serendipalm.de\/wp-content\/uploads\/2024\/11\/daf2_bird.webp 2500w, https:\/\/www.serendipalm.de\/wp-content\/uploads\/2024\/11\/daf2_bird-300x131.webp 300w, https:\/\/www.serendipalm.de\/wp-content\/uploads\/2024\/11\/daf2_bird-1024x446.webp 1024w, https:\/\/www.serendipalm.de\/wp-content\/uploads\/2024\/11\/daf2_bird-768x334.webp 768w, https:\/\/www.serendipalm.de\/wp-content\/uploads\/2024\/11\/daf2_bird-1536x668.webp 1536w, https:\/\/www.serendipalm.de\/wp-content\/uploads\/2024\/11\/daf2_bird-2048x891.webp 2048w\" sizes=\"auto, (max-width: 2500px) 100vw, 2500px\" \/><span aria-hidden=\"true\" class=\"wp-block-cover__background has-background-dim-0 has-background-dim\"><\/span><div class=\"wp-block-cover__inner-container is-layout-flow wp-block-cover-is-layout-flow\">\n<h2 class=\"wp-block-heading alignwide has-text-align-center\" id=\"we-re-a-studio-in-berlin-with-an-international-practice-in-architecture-urban-planning-and-interior-design-we-believe-in-sharing-knowledge-and-promoting-dialogue-to-increase-the-creative-potential-of-collaboration\" style=\"font-size:clamp(27.894px, 1.743rem + ((1vw - 3.2px) * 1.971), 48px);line-height:1.1\">Agroforstsysteme sind der Schl\u00fcssel zur nachhaltigen Landwirtschaft<\/h2>\n\n\n\n<div style=\"height:25px\" aria-hidden=\"true\" class=\"wp-block-spacer\"><\/div>\n\n\n\n<div class=\"wp-block-buttons is-content-justification-center is-layout-flex wp-container-core-buttons-is-layout-a89b3969 wp-block-buttons-is-layout-flex\">\n<div class=\"wp-block-button animated bounce\"><a class=\"wp-block-button__link has-contrast-color has-text-color has-background has-link-color wp-element-button\" href=\"https:\/\/www.serendipalm.de\/?page_id=304\" style=\"background-color:#ffcf00\">Was meint ihr damit?<\/a><\/div>\n<\/div>\n<\/div><\/div>\n\n\n\n<div class=\"wp-block-group alignfull has-accent-5-background-color has-background has-global-padding is-layout-constrained wp-block-group-is-layout-constrained\">\n<div style=\"height:25px\" aria-hidden=\"true\" class=\"wp-block-spacer\"><\/div>\n\n\n\n<h2 class=\"wp-block-heading has-text-align-center\">Unsere Gemeindeprojekte<\/h2>\n\n\n\n<div style=\"height:10px\" aria-hidden=\"true\" class=\"wp-block-spacer\"><\/div>\n\n\n\n<figure class=\"wp-block-image size-large is-style-rounded\" style=\"margin-right:var(--wp--preset--spacing--80);margin-left:var(--wp--preset--spacing--80)\"><a href=\"https:\/\/www.serendipalm.de\/?page_id=128\"><img loading=\"lazy\" decoding=\"async\" width=\"1024\" height=\"768\" src=\"https:\/\/www.serendipalm.de\/wp-content\/uploads\/2024\/11\/creche_drone-1024x768.webp\" alt=\"\" class=\"wp-image-298\" srcset=\"https:\/\/www.serendipalm.de\/wp-content\/uploads\/2024\/11\/creche_drone-1024x768.webp 1024w, https:\/\/www.serendipalm.de\/wp-content\/uploads\/2024\/11\/creche_drone-300x225.webp 300w, https:\/\/www.serendipalm.de\/wp-content\/uploads\/2024\/11\/creche_drone-768x576.webp 768w, https:\/\/www.serendipalm.de\/wp-content\/uploads\/2024\/11\/creche_drone-1536x1152.webp 1536w, https:\/\/www.serendipalm.de\/wp-content\/uploads\/2024\/11\/creche_drone-2048x1536.webp 2048w\" sizes=\"auto, (max-width: 1024px) 100vw, 1024px\" \/><\/a><\/figure>\n\n\n\n<div style=\"height:25px\" aria-hidden=\"true\" class=\"wp-block-spacer\"><\/div>\n\n\n\n<p class=\"has-text-align-center\">10 % des Verkaufspreises von Serendipalm-Produkten flie\u00dft in einen sogenannten \u201eFair-Trade-Fond\u201c. Aus diesem Fonds werden verschiedenste Projekte finanziert. Diese kommen allen zugute.<\/p>\n\n\n\n<div class=\"wp-block-buttons is-content-justification-center is-layout-flex wp-container-core-buttons-is-layout-a89b3969 wp-block-buttons-is-layout-flex\">\n<div class=\"wp-block-button animated bounce\"><a class=\"wp-block-button__link has-contrast-color has-text-color has-background has-link-color wp-element-button\" href=\"https:\/\/www.serendipalm.de\/?page_id=128\" style=\"background-color:#ffcf00\">\u00dcbersicht einiger Projekte<\/a><\/div>\n<\/div>\n\n\n\n<div style=\"height:25px\" aria-hidden=\"true\" class=\"wp-block-spacer\"><\/div>\n<\/div>\n\n\n\n<div class=\"wp-block-group alignfull is-style-default has-background has-global-padding is-layout-constrained wp-container-core-group-is-layout-ec9c89fe wp-block-group-is-layout-constrained\" style=\"background-color:#ffcf00;min-height:0px;margin-top:0;margin-bottom:0;padding-top:var(--wp--preset--spacing--70);padding-right:0;padding-bottom:var(--wp--preset--spacing--70);padding-left:0\">\n<h2 class=\"wp-block-heading has-text-align-center\">Zertifizierungen<\/h2>\n\n\n\n<figure class=\"wp-block-image aligncenter size-full has-custom-border is-style-default\"><a href=\"https:\/\/www.serendipalm.de\/?page_id=1282\"><img loading=\"lazy\" decoding=\"async\" width=\"980\" height=\"179\" src=\"https:\/\/www.serendipalm.de\/wp-content\/uploads\/2024\/11\/logo_banner.webp\" alt=\"\" class=\"wp-image-116\" style=\"border-style:none;border-width:0px;border-top-left-radius:11px;border-top-right-radius:11px;border-bottom-left-radius:11px;border-bottom-right-radius:11px\" srcset=\"https:\/\/www.serendipalm.de\/wp-content\/uploads\/2024\/11\/logo_banner.webp 980w, https:\/\/www.serendipalm.de\/wp-content\/uploads\/2024\/11\/logo_banner-300x55.webp 300w, https:\/\/www.serendipalm.de\/wp-content\/uploads\/2024\/11\/logo_banner-768x140.webp 768w\" sizes=\"auto, (max-width: 980px) 100vw, 980px\" \/><\/a><\/figure>\n\n\n\n<p class=\"has-text-align-center\" style=\"margin-top:var(--wp--preset--spacing--40);margin-bottom:var(--wp--preset--spacing--40)\">Dies sind unsere unabh\u00e4ngigen Zertifizierungen. Die j\u00e4hrlich von externen Stellen gepr\u00fcft werden. <\/p>\n\n\n\n<div class=\"wp-block-buttons is-content-justification-center is-layout-flex wp-container-core-buttons-is-layout-a89b3969 wp-block-buttons-is-layout-flex\">\n<div class=\"wp-block-button\"><a class=\"wp-block-button__link wp-element-button\" href=\"https:\/\/www.serendipalm.de\/?page_id=1282\">Mehr&#8230;<\/a><\/div>\n<\/div>\n<\/div>\n","protected":false},"excerpt":{"rendered":"<p>Dr. Bronner\u2019s&nbsp;gr\u00fcndete 2009&nbsp;Serendipalm,&nbsp;ein Bio- und Fair-Trade-Palm\u00f6lprojekt in Ghana. Zusammenarbeit mit \u00fcber 600 Kleinbauern statt Monokulturen Faire, arbeitsintensive Produktion schafft viele lokale Jobs. Serendipalm beweist: nachhaltige Rohstoffproduktion ist m\u00f6glich und skalierbar. Rohstoffe Palm\u00f6l Kakao Maniok Ingwer \/ Kurkuma Unsere Gemeindeprojekte 10 % des Verkaufspreises von Serendipalm-Produkten flie\u00dft in einen sogenannten \u201eFair-Trade-Fond\u201c. Aus diesem Fonds werden verschiedenste [&hellip;]<\/p>\n","protected":false},"author":1,"featured_media":0,"parent":0,"menu_order":0,"comment_status":"closed","ping_status":"closed","template":"page-no-title","meta":{"footnotes":""},"class_list":["post-521","page","type-page","status-publish","hentry"],"_links":{"self":[{"href":"https:\/\/www.serendipalm.de\/index.php?rest_route=\/wp\/v2\/pages\/521","targetHints":{"allow":["GET"]}}],"collection":[{"href":"https:\/\/www.serendipalm.de\/index.php?rest_route=\/wp\/v2\/pages"}],"about":[{"href":"https:\/\/www.serendipalm.de\/index.php?rest_route=\/wp\/v2\/types\/page"}],"author":[{"embeddable":true,"href":"https:\/\/www.serendipalm.de\/index.php?rest_route=\/wp\/v2\/users\/1"}],"replies":[{"embeddable":true,"href":"https:\/\/www.serendipalm.de\/index.php?rest_route=%2Fwp%2Fv2%2Fcomments&post=521"}],"version-history":[{"count":156,"href":"https:\/\/www.serendipalm.de\/index.php?rest_route=\/wp\/v2\/pages\/521\/revisions"}],"predecessor-version":[{"id":1399,"href":"https:\/\/www.serendipalm.de\/index.php?rest_route=\/wp\/v2\/pages\/521\/revisions\/1399"}],"wp:attachment":[{"href":"https:\/\/www.serendipalm.de\/index.php?rest_route=%2Fwp%2Fv2%2Fmedia&parent=521"}],"curies":[{"name":"wp","href":"https:\/\/api.w.org\/{rel}","templated":true}]}}