{"id":231,"date":"2024-11-25T09:14:47","date_gmt":"2024-11-25T09:14:47","guid":{"rendered":"https:\/\/www.serendipalm.de\/?page_id=231"},"modified":"2026-04-13T14:07:16","modified_gmt":"2026-04-13T14:07:16","slug":"partner","status":"publish","type":"page","link":"https:\/\/www.serendipalm.de\/?page_id=231","title":{"rendered":"Partner"},"content":{"rendered":"\n<div class=\"wp-block-cover alignfull is-light has-base-color has-text-color has-link-color wp-elements-88eadb974b601c9636429655c4dbb58d\" style=\"font-size:clamp(31.609px, 1.976rem + ((1vw - 3.2px) * 2.391), 56px);min-height:556px;aspect-ratio:unset;\"><img loading=\"lazy\" decoding=\"async\" width=\"1024\" height=\"575\" class=\"wp-block-cover__image-background wp-image-1192 size-large\" alt=\"\" src=\"https:\/\/www.serendipalm.de\/wp-content\/uploads\/2026\/02\/kids_banner-1024x575.webp\" data-object-fit=\"cover\" srcset=\"https:\/\/www.serendipalm.de\/wp-content\/uploads\/2026\/02\/kids_banner-1024x575.webp 1024w, https:\/\/www.serendipalm.de\/wp-content\/uploads\/2026\/02\/kids_banner-300x169.webp 300w, https:\/\/www.serendipalm.de\/wp-content\/uploads\/2026\/02\/kids_banner-768x432.webp 768w, https:\/\/www.serendipalm.de\/wp-content\/uploads\/2026\/02\/kids_banner-1536x863.webp 1536w, https:\/\/www.serendipalm.de\/wp-content\/uploads\/2026\/02\/kids_banner.webp 1920w\" sizes=\"auto, (max-width: 1024px) 100vw, 1024px\" \/><span aria-hidden=\"true\" class=\"wp-block-cover__background has-background-dim-0 has-background-dim\" style=\"background-color:#a28b80\"><\/span><div class=\"wp-block-cover__inner-container has-global-padding is-layout-constrained wp-block-cover-is-layout-constrained\">\n<p class=\"has-text-align-center\" style=\"font-size:clamp(3.426rem, 3.426rem + ((1vw - 0.2rem) * 5.606), 7rem);\">Partner<\/p>\n<\/div><\/div>\n\n\n\n<div style=\"height:40px\" aria-hidden=\"true\" class=\"wp-block-spacer\"><\/div>\n\n\n\n<div class=\"wp-block-group alignfull has-global-padding is-layout-constrained wp-block-group-is-layout-constrained\">\n<div class=\"wp-block-columns alignfull is-layout-flex wp-container-core-columns-is-layout-28f84493 wp-block-columns-is-layout-flex\">\n<div class=\"wp-block-column is-style-section-1 is-layout-flow wp-block-column-is-layout-flow is-style-section-1--1\" style=\"border-style:none;border-width:0px;border-top-left-radius:0px;border-top-right-radius:0px;border-bottom-left-radius:0px;border-bottom-right-radius:0px;padding-top:var(--wp--preset--spacing--30);padding-bottom:var(--wp--preset--spacing--30)\">\n<figure class=\"wp-block-image aligncenter size-full is-resized\"><img loading=\"lazy\" decoding=\"async\" width=\"741\" height=\"960\" src=\"https:\/\/www.serendipalm.de\/wp-content\/uploads\/2024\/11\/drbronners-logo-vert.png\" alt=\"\" class=\"wp-image-273\" style=\"object-fit:contain;width:350px;height:200px\" srcset=\"https:\/\/www.serendipalm.de\/wp-content\/uploads\/2024\/11\/drbronners-logo-vert.png 741w, https:\/\/www.serendipalm.de\/wp-content\/uploads\/2024\/11\/drbronners-logo-vert-232x300.png 232w\" sizes=\"auto, (max-width: 741px) 100vw, 741px\" \/><\/figure>\n<\/div>\n<\/div>\n\n\n\n<p class=\"has-text-align-center\">Dr. Bronner&#8217;s ist Amerikas meistverkaufte Naturseifenmarke und ein familiengef\u00fchrtes Unternehmen mit einem starken Fokus auf faire und nachhaltige Lieferketten. Da das Unternehmen lange vergeblich nach ethisch vertretbarem Palm\u00f6l suchte, entschloss es sich kurzerhand, die L\u00f6sung selbst zu schaffen.<\/p>\n\n\n\n<p class=\"has-text-align-center\">2009 er\u00f6ffneten Dr. Bronner&#8217;s und ihre Schwestergesellschaft Serendipalm in Ghana die weltweit erste zertifizierte Bio- und Fairtrade-Palm\u00f6lproduktionsanlage.<\/p>\n\n\n\n<div style=\"height:40px\" aria-hidden=\"true\" class=\"wp-block-spacer\"><\/div>\n<\/div>\n\n\n\n<div class=\"wp-block-group alignfull has-global-padding is-layout-constrained wp-block-group-is-layout-constrained\">\n<div class=\"wp-block-columns alignfull is-layout-flex wp-container-core-columns-is-layout-28f84493 wp-block-columns-is-layout-flex\">\n<div class=\"wp-block-column is-style-section-1 is-layout-flow wp-block-column-is-layout-flow is-style-section-1--2\" style=\"border-style:none;border-width:0px;border-top-left-radius:0px;border-top-right-radius:0px;border-bottom-left-radius:0px;border-bottom-right-radius:0px\">\n<figure class=\"wp-block-image aligncenter size-full is-resized\"><img loading=\"lazy\" decoding=\"async\" width=\"600\" height=\"600\" src=\"https:\/\/www.serendipalm.de\/wp-content\/uploads\/2024\/11\/Rapunzel-Logo.png\" alt=\"\" class=\"wp-image-274\" style=\"object-fit:cover;width:350px;height:200px\" srcset=\"https:\/\/www.serendipalm.de\/wp-content\/uploads\/2024\/11\/Rapunzel-Logo.png 600w, https:\/\/www.serendipalm.de\/wp-content\/uploads\/2024\/11\/Rapunzel-Logo-300x300.png 300w, https:\/\/www.serendipalm.de\/wp-content\/uploads\/2024\/11\/Rapunzel-Logo-150x150.png 150w\" sizes=\"auto, (max-width: 600px) 100vw, 600px\" \/><\/figure>\n<\/div>\n<\/div>\n\n\n\n<p class=\"has-text-align-center\">Produziert und vertreibt vegetarische Bio-Lebensmittel und geh\u00f6rt zu den gr\u00f6\u00dften Naturkostherstellern Deutschlands. Rapunzel setzt Palm\u00f6l vorwiegend in Brotaufstrichen (z.\u00a0B. Samba), Waffeln sowie ger\u00f6steten und gesalzenen N\u00fcssen ein \u2013 nur dort, wo es technologisch kaum ersetzbar ist.<\/p>\n\n\n\n<div style=\"height:40px\" aria-hidden=\"true\" class=\"wp-block-spacer\"><\/div>\n<\/div>\n\n\n\n<div class=\"wp-block-group alignfull has-global-padding is-layout-constrained wp-block-group-is-layout-constrained\">\n<div class=\"wp-block-columns alignfull is-layout-flex wp-container-core-columns-is-layout-28f84493 wp-block-columns-is-layout-flex\">\n<div class=\"wp-block-column is-style-section-1 is-layout-flow wp-block-column-is-layout-flow is-style-section-1--3\" style=\"border-style:none;border-width:0px;border-top-left-radius:0px;border-top-right-radius:0px;border-bottom-left-radius:0px;border-bottom-right-radius:0px;padding-top:var(--wp--preset--spacing--30);padding-bottom:var(--wp--preset--spacing--30)\">\n<figure class=\"wp-block-image aligncenter size-full is-resized\"><img loading=\"lazy\" decoding=\"async\" width=\"204\" height=\"247\" src=\"https:\/\/www.serendipalm.de\/wp-content\/uploads\/2024\/11\/images.png\" alt=\"\" class=\"wp-image-275\" style=\"object-fit:contain;width:350px;height:200px\"\/><\/figure>\n<\/div>\n<\/div>\n\n\n\n<p class=\"has-text-align-center\">Die GEPA (Gesellschaft zur F\u00f6rderung der Partnerschaft mit der Dritten Welt mbH) ist Deutschlands gr\u00f6\u00dfte Fair-Trade-Importorganisation und bezieht seit 2012 Bio-Palm\u00f6l von ihrem Partner Serendipalm in Ghana.<\/p>\n\n\n\n<div style=\"height:40px\" aria-hidden=\"true\" class=\"wp-block-spacer\"><\/div>\n<\/div>\n\n\n\n<div class=\"wp-block-group alignfull has-global-padding is-layout-constrained wp-block-group-is-layout-constrained\">\n<div class=\"wp-block-columns alignfull is-layout-flex wp-container-core-columns-is-layout-28f84493 wp-block-columns-is-layout-flex\">\n<div class=\"wp-block-column is-style-section-1 is-layout-flow wp-block-column-is-layout-flow is-style-section-1--4\" style=\"border-style:none;border-width:0px;border-top-left-radius:0px;border-top-right-radius:0px;border-bottom-left-radius:0px;border-bottom-right-radius:0px;padding-top:var(--wp--preset--spacing--30);padding-bottom:var(--wp--preset--spacing--30)\">\n<figure class=\"wp-block-image aligncenter size-full is-resized\"><img loading=\"lazy\" decoding=\"async\" width=\"600\" height=\"373\" src=\"https:\/\/www.serendipalm.de\/wp-content\/uploads\/2024\/11\/oelmuehle-solling-logo.png\" alt=\"\" class=\"wp-image-276\" style=\"object-fit:contain;width:350px;height:200px\" srcset=\"https:\/\/www.serendipalm.de\/wp-content\/uploads\/2024\/11\/oelmuehle-solling-logo.png 600w, https:\/\/www.serendipalm.de\/wp-content\/uploads\/2024\/11\/oelmuehle-solling-logo-300x187.png 300w\" sizes=\"auto, (max-width: 600px) 100vw, 600px\" \/><\/figure>\n<\/div>\n<\/div>\n\n\n\n<p class=\"has-text-align-center\">Die \u00d6lm\u00fchle Solling ist eine deutsche Bio-\u00d6lm\u00fchle, die eine breite Auswahl an kalt gepressten, naturbelassenen Speise\u00f6len anbietet. Eines ihrer besonderen Produkte ist das rote Palm\u00f6l in Naturland-Fair-Qualit\u00e4t. Das Palm\u00f6l stammt vom Partner-Projekt Serendipalm in Ghana.<\/p>\n\n\n\n<div style=\"height:40px\" aria-hidden=\"true\" class=\"wp-block-spacer\"><\/div>\n<\/div>\n","protected":false},"excerpt":{"rendered":"<p>Dr. Bronner&#8217;s ist Amerikas meistverkaufte Naturseifenmarke und ein familiengef\u00fchrtes Unternehmen mit einem starken Fokus auf faire und nachhaltige Lieferketten. Da das Unternehmen lange vergeblich nach ethisch vertretbarem Palm\u00f6l suchte, entschloss es sich kurzerhand, die L\u00f6sung selbst zu schaffen. 2009 er\u00f6ffneten Dr. Bronner&#8217;s und ihre Schwestergesellschaft Serendipalm in Ghana die weltweit erste zertifizierte Bio- und Fairtrade-Palm\u00f6lproduktionsanlage. [&hellip;]<\/p>\n","protected":false},"author":1,"featured_media":0,"parent":0,"menu_order":0,"comment_status":"closed","ping_status":"closed","template":"","meta":{"footnotes":""},"class_list":["post-231","page","type-page","status-publish","hentry"],"_links":{"self":[{"href":"https:\/\/www.serendipalm.de\/index.php?rest_route=\/wp\/v2\/pages\/231","targetHints":{"allow":["GET"]}}],"collection":[{"href":"https:\/\/www.serendipalm.de\/index.php?rest_route=\/wp\/v2\/pages"}],"about":[{"href":"https:\/\/www.serendipalm.de\/index.php?rest_route=\/wp\/v2\/types\/page"}],"author":[{"embeddable":true,"href":"https:\/\/www.serendipalm.de\/index.php?rest_route=\/wp\/v2\/users\/1"}],"replies":[{"embeddable":true,"href":"https:\/\/www.serendipalm.de\/index.php?rest_route=%2Fwp%2Fv2%2Fcomments&post=231"}],"version-history":[{"count":35,"href":"https:\/\/www.serendipalm.de\/index.php?rest_route=\/wp\/v2\/pages\/231\/revisions"}],"predecessor-version":[{"id":1323,"href":"https:\/\/www.serendipalm.de\/index.php?rest_route=\/wp\/v2\/pages\/231\/revisions\/1323"}],"wp:attachment":[{"href":"https:\/\/www.serendipalm.de\/index.php?rest_route=%2Fwp%2Fv2%2Fmedia&parent=231"}],"curies":[{"name":"wp","href":"https:\/\/api.w.org\/{rel}","templated":true}]}}